{"id":1986,"date":"2014-07-30T17:45:44","date_gmt":"2014-07-30T17:45:44","guid":{"rendered":"http:\/\/clinico.creaws.com\/?page_id=1986"},"modified":"2020-08-03T22:34:35","modified_gmt":"2020-08-04T04:34:35","slug":"home-3","status":"publish","type":"page","link":"http:\/\/nrgphoto.mx\/horus\/","title":{"rendered":"Home"},"content":{"rendered":"<div class='grid-row clearfix'><div class='grid-col grid-col-6'><section class='cws-widget'><section class='cws_widget_content'>\n<p style=\"text-align: left;\"><i class='featured_icon f-left icon_frame fa fa-bed fa-4x'><\/i>\n<h2><a title=\"Services\" href=\"http:\/\/nrgphoto.mx\/horus\/services\">Hospitalizaci\u00f3n<\/a><\/h2>\n<p>C\u00f3modas habitaciones y suites a su servicio.<\/p>\n<hr \/>\n<i class='featured_icon f-left icon_frame fa fa-venus-mars fa-4x'><\/i>\n<h2><a title=\"Services\" href=\"http:\/\/nrgphoto.mx\/horus\/services\">Ultrasonido<\/a><\/h2>\n<p>De mama, abdominal y p\u00e9lvico.<\/p>\n<hr \/>\n<i class='featured_icon f-left icon_frame fa fa-desktop fa-4x'><\/i>\n<h2><a title=\"Services\" href=\"http:\/\/nrgphoto.mx\/horus\/services\">Colposcop\u00eda<\/a><\/h2>\n<p>Para la detecci\u00f3n a tiempo del c\u00e1ncer c\u00e9rvico-uterino.<\/p>\n<hr \/>\n<\/section><\/section><\/div><div class='grid-col grid-col-6'><section class='cws-widget'><section class='cws_widget_content'>\n<p style=\"text-align: left;\"><i class='featured_icon f-left flask fa fa-user-md fa-4x'><\/i>\n<h2><a title=\"Services\" href=\"http:\/\/nrgphoto.mx\/horus\/services\">Laboratorio<\/a><\/h2>\n<p>Toma de ex\u00e1menes generales y especializados, programados y de urgencia.<\/p>\n<hr \/>\n<i class='featured_icon f-left icon_frame fa fa-hospital-o fa-4x'><\/i>\n<h2><a title=\"Services\" href=\"http:\/\/nrgphoto.mx\/horus\/services\">Urgencias<\/a><\/h2>\n<p>Atenci\u00f3n de urgencias en medicina general y especializada.<\/p>\n<hr \/>\n<\/section><\/section><\/div><\/div><div class='grid-row clearfix'><div class='grid-col grid-col-6'><section class='cws-widget'><section class='cws_widget_content'>\n<\/section><\/section><\/div><div class='grid-col grid-col-6'><section class='cws-widget'><section class='cws_widget_content'>\n<p><iframe loading=\"lazy\" title=\"Horus Cl\u00ednica - Directorio M\u00e9dico\" width=\"896\" height=\"504\" src=\"https:\/\/www.youtube.com\/embed\/mfFn2tjFXi4?feature=oembed\" frameborder=\"0\" allow=\"accelerometer; autoplay; encrypted-media; gyroscope; picture-in-picture\" allowfullscreen><\/iframe><\/p>\n<\/section><\/section><\/div><\/div>\n","protected":false},"excerpt":{"rendered":"","protected":false},"author":2,"featured_media":0,"parent":0,"menu_order":0,"comment_status":"open","ping_status":"open","template":"","meta":[],"_links":{"self":[{"href":"http:\/\/nrgphoto.mx\/horus\/wp-json\/wp\/v2\/pages\/1986"}],"collection":[{"href":"http:\/\/nrgphoto.mx\/horus\/wp-json\/wp\/v2\/pages"}],"about":[{"href":"http:\/\/nrgphoto.mx\/horus\/wp-json\/wp\/v2\/types\/page"}],"author":[{"embeddable":true,"href":"http:\/\/nrgphoto.mx\/horus\/wp-json\/wp\/v2\/users\/2"}],"replies":[{"embeddable":true,"href":"http:\/\/nrgphoto.mx\/horus\/wp-json\/wp\/v2\/comments?post=1986"}],"version-history":[{"count":15,"href":"http:\/\/nrgphoto.mx\/horus\/wp-json\/wp\/v2\/pages\/1986\/revisions"}],"predecessor-version":[{"id":3082,"href":"http:\/\/nrgphoto.mx\/horus\/wp-json\/wp\/v2\/pages\/1986\/revisions\/3082"}],"wp:attachment":[{"href":"http:\/\/nrgphoto.mx\/horus\/wp-json\/wp\/v2\/media?parent=1986"}],"curies":[{"name":"wp","href":"https:\/\/api.w.org\/{rel}","templated":true}]}}