{"id":757,"date":"2014-07-03T09:44:03","date_gmt":"2014-07-03T09:44:03","guid":{"rendered":"http:\/\/clinico.creaws.com\/?page_id=757"},"modified":"2020-08-03T22:38:11","modified_gmt":"2020-08-04T04:38:11","slug":"services","status":"publish","type":"page","link":"http:\/\/nrgphoto.mx\/horus\/services\/","title":{"rendered":"Servicios"},"content":{"rendered":"<div class='grid-row clearfix'><div class='grid-col grid-col-12'><section class='cws-widget'><section class='cws_widget_content'>\n<div class='services'><div class=\"accordion_section\"><div id=\"cws-service-31\" class=\"accordion_title\"><i class=\"service_icon fa fa-2x fa-check\"><\/i>Cardiolog\u00eda<i class=\"accordion_icon\"><\/i><\/div><div class=\"accordion_content\" style=\"display:none;\"><div class=\"details\"><div class=\"description_part\"><div class=\"description_part_container\"><div><div class=\"desc_title\">Servicios:<\/div>- Cardiolog\u00eda<br \/>\r\n- Hipertensi\u00f3n<br \/>\r\n- Electrocardiogramas y pruebas de esfuerzo. <br \/>\r\n- Urgencias<\/div><\/div><\/div><\/div><div class=\"row clearfix\"><\/div><\/div><\/div><div class=\"accordion_section\"><div id=\"cws-service-76\" class=\"accordion_title\"><i class=\"service_icon fa fa-2x fa-check\"><\/i>Cirug\u00eda pl\u00e1stica<i class=\"accordion_icon\"><\/i><\/div><div class=\"accordion_content\" style=\"display:none;\"><div class=\"details\"><div class=\"description_part\"><div class=\"description_part_container\"><div><div class=\"desc_title\">Servicios:<\/div>- Cirug\u00eda pl\u00e1stica: Implantes mamarios, abdominoplast\u00eda. <br \/>\r\n- Cirug\u00eda reconstructiva. <br \/>\r\n- Cirug\u00eda est\u00e9tica: Aplicaci\u00f3n de b\u00f3tox y rellenos faciales. Liposucci\u00f3n y lipoescultura. <\/div><\/div><\/div><\/div><div class=\"row clearfix\"><\/div><\/div><\/div><div class=\"accordion_section\"><div id=\"cws-service-16\" class=\"accordion_title\"><i class=\"service_icon fa fa-2x fa-check\"><\/i>Ginecoobstetricia<i class=\"accordion_icon\"><\/i><\/div><div class=\"accordion_content\" style=\"display:none;\"><div class=\"details\"><div class=\"description_part\"><div class=\"description_part_container\"><div><div class=\"desc_title\">Servicios:<\/div>- Papanicolau<br \/>\r\n- Colposcop\u00eda<br \/>\r\n- Ultrasonido: obst\u00e9trico (estructural y doppler) p\u00e9lvico, endovaginal y de mama. <br \/>\r\n- Embarazo de alto riesgo<br \/>\r\n- Medicina fetal<br \/>\r\n- Problemas de esterilidad<br \/>\r\n- Menopausia y climaterio<br \/>\r\n- Cirug\u00eda ginecol\u00f3gica: vaginal y laparosc\u00f3pica. <br \/>\r\n- Cirug\u00eda de rejuvenecimiento vaginal<br \/>\r\n<\/div><\/div><\/div><\/div><div class=\"row clearfix\"><\/div><\/div><\/div><div class=\"accordion_section\"><div id=\"cws-service-79\" class=\"accordion_title\"><i class=\"service_icon fa fa-2x fa-check\"><\/i>Laboratorio Cl\u00ednico<i class=\"accordion_icon\"><\/i><\/div><div class=\"accordion_content\" style=\"display:none;\"><div class=\"details\"><div class=\"description_part\"><div class=\"description_part_container\"><div><div class=\"desc_title\">Servicios:<\/div>- Ex\u00e1menes programados y de urgencias<br \/>\r\n- Ex\u00e1menes generales<br \/>\r\n- Ex\u00e1menes especiales<br \/>\r\n- Pruebas de embarazo<\/div><\/div><\/div><\/div><div class=\"row clearfix\"><\/div><\/div><\/div><div class=\"accordion_section\"><div id=\"cws-service-78\" class=\"accordion_title\"><i class=\"service_icon fa fa-2x fa-check\"><\/i>Medicina General<i class=\"accordion_icon\"><\/i><\/div><div class=\"accordion_content\" style=\"display:none;\"><div class=\"details\"><div class=\"description_part\"><div class=\"description_part_container\"><\/div><\/div><\/div><div class=\"row clearfix\"><\/div><\/div><\/div><div class=\"accordion_section\"><div id=\"cws-service-18\" class=\"accordion_title\"><i class=\"service_icon fa fa-2x fa-check\"><\/i>Medicina interna<i class=\"accordion_icon\"><\/i><\/div><div class=\"accordion_content\" style=\"display:none;\"><div class=\"details\"><div class=\"description_part\"><div class=\"description_part_container\"><div><div class=\"desc_title\">Servicios:<\/div>- Cirug\u00eda general<br \/>\r\n- Complicaciones diab\u00e9ticas y di\u00e1lisis peritoneal<br \/>\r\n- Laparoscop\u00eda<br \/>\r\n- Urgencias<\/div><\/div><\/div><\/div><div class=\"row clearfix\"><\/div><\/div><\/div><div class=\"accordion_section\"><div id=\"cws-service-73\" class=\"accordion_title\"><i class=\"service_icon fa fa-2x fa-check\"><\/i>Nutrici\u00f3n y control de peso<i class=\"accordion_icon\"><\/i><\/div><div class=\"accordion_content\" style=\"display:none;\"><div class=\"details\"><div class=\"description_part\"><div class=\"description_part_container\"><div><div class=\"desc_title\">Servicios:<\/div>- Cirug\u00eda endosc\u00f3pica por problemas g\u00e1stricos. <br \/>\r\n- Medicina General<br \/>\r\n- Control de peso<br \/>\r\n- Nutrici\u00f3n<\/div><\/div><\/div><\/div><div class=\"row clearfix\"><\/div><\/div><\/div><div class=\"accordion_section\"><div id=\"cws-service-77\" class=\"accordion_title\"><i class=\"service_icon fa fa-2x fa-check\"><\/i>Ortopedia<i class=\"accordion_icon\"><\/i><\/div><div class=\"accordion_content\" style=\"display:none;\"><div class=\"details\"><div class=\"description_part\"><div class=\"description_part_container\"><div><div class=\"desc_title\">Servicios:<\/div>- Fracturas <br \/>\r\n- Lesiones musculares y articulares<br \/>\r\n- Lesiones de columna<br \/>\r\n- Urgencias<\/div><\/div><\/div><\/div><div class=\"row clearfix\"><\/div><\/div><\/div><div class=\"accordion_section\"><div id=\"cws-service-17\" class=\"accordion_title\"><i class=\"service_icon fa fa-2x fa-check\"><\/i>Pediatr\u00eda<i class=\"accordion_icon\"><\/i><\/div><div class=\"accordion_content\" style=\"display:none;\"><div class=\"details\"><div class=\"description_part\"><div class=\"description_part_container\"><div><div class=\"desc_title\">Servicios:<\/div>- Atenci\u00f3n del reci\u00e9n nacido<br \/>\r\n- Control de ni\u00f1o sano<br \/>\r\n- Vacunas<br \/>\r\n- Control de peso y talla<br \/>\r\n- Urgencias<\/div><\/div><\/div><\/div><div class=\"row clearfix\"><\/div><\/div><\/div><div class=\"accordion_section\"><div id=\"cws-service-74\" class=\"accordion_title\"><i class=\"service_icon fa fa-2x fa-check\"><\/i>Psicolog\u00eda<i class=\"accordion_icon\"><\/i><\/div><div class=\"accordion_content\" style=\"display:none;\"><div class=\"details\"><div class=\"description_part\"><div class=\"description_part_container\"><div><div class=\"desc_title\">Servicios:<\/div>-Psicoterapia humanista<br \/>\r\n- Gestalt y psicocorporal para ni\u00f1os, adolescentes y adultos. <br \/>\r\n- Terapia de juego<br \/>\r\n- Prevenci\u00f3n y soluci\u00f3n de conflictos. <br \/>\r\n- Sexualidad<br \/>\r\n- Terapia de pareja y familiar<br \/>\r\n- Desarrollo humano<\/div><\/div><\/div><\/div><div class=\"row clearfix\"><\/div><\/div><\/div><div class=\"accordion_section\"><div id=\"cws-service-75\" class=\"accordion_title\"><i class=\"service_icon fa fa-2x fa-check\"><\/i>Rehabilitaci\u00f3n<i class=\"accordion_icon\"><\/i><\/div><div class=\"accordion_content\" style=\"display:none;\"><div class=\"details\"><div class=\"description_part\"><div class=\"description_part_container\"><\/div><\/div><\/div><div class=\"row clearfix\"><\/div><\/div><\/div><div class=\"accordion_section\"><div id=\"cws-service-71\" class=\"accordion_title\"><i class=\"service_icon fa fa-2x fa-check\"><\/i>Urolog\u00eda<i class=\"accordion_icon\"><\/i><\/div><div class=\"accordion_content\" style=\"display:none;\"><div class=\"details\"><div class=\"description_part\"><div class=\"description_part_container\"><div><div class=\"desc_title\">Servicios:<\/div>- Cirug\u00eda Urol\u00f3gica. <br \/>\r\n- Detecci\u00f3n oportuna de c\u00e1ncer de pr\u00f3stata. <br \/>\r\n- Tratamiento de c\u00e1lculos renales<br \/>\r\n- Tratamiento de enfermedades del aparato genital masculino<br \/>\r\n- Cirug\u00eda endosc\u00f3pica<br \/>\r\n- Urgencias <\/div><\/div><\/div><\/div><div class=\"row clearfix\"><\/div><\/div><\/div><\/div><\/section><\/section><section class='cws-widget'><section class='cws_widget_content'>\n<p><iframe loading=\"lazy\" title=\"Horus Cl\u00ednica - Directorio M\u00e9dico\" width=\"896\" height=\"504\" src=\"https:\/\/www.youtube.com\/embed\/mfFn2tjFXi4?feature=oembed\" frameborder=\"0\" allow=\"accelerometer; autoplay; encrypted-media; gyroscope; picture-in-picture\" allowfullscreen><\/iframe><\/p>\n<\/section><\/section><\/div><\/div>\n","protected":false},"excerpt":{"rendered":"","protected":false},"author":2,"featured_media":0,"parent":0,"menu_order":0,"comment_status":"open","ping_status":"open","template":"","meta":[],"_links":{"self":[{"href":"http:\/\/nrgphoto.mx\/horus\/wp-json\/wp\/v2\/pages\/757"}],"collection":[{"href":"http:\/\/nrgphoto.mx\/horus\/wp-json\/wp\/v2\/pages"}],"about":[{"href":"http:\/\/nrgphoto.mx\/horus\/wp-json\/wp\/v2\/types\/page"}],"author":[{"embeddable":true,"href":"http:\/\/nrgphoto.mx\/horus\/wp-json\/wp\/v2\/users\/2"}],"replies":[{"embeddable":true,"href":"http:\/\/nrgphoto.mx\/horus\/wp-json\/wp\/v2\/comments?post=757"}],"version-history":[{"count":6,"href":"http:\/\/nrgphoto.mx\/horus\/wp-json\/wp\/v2\/pages\/757\/revisions"}],"predecessor-version":[{"id":3084,"href":"http:\/\/nrgphoto.mx\/horus\/wp-json\/wp\/v2\/pages\/757\/revisions\/3084"}],"wp:attachment":[{"href":"http:\/\/nrgphoto.mx\/horus\/wp-json\/wp\/v2\/media?parent=757"}],"curies":[{"name":"wp","href":"https:\/\/api.w.org\/{rel}","templated":true}]}}