{"id":930,"date":"2014-07-09T08:53:23","date_gmt":"2014-07-09T08:53:23","guid":{"rendered":"http:\/\/clinico.creaws.com\/?page_id=930"},"modified":"2020-07-05T21:05:56","modified_gmt":"2020-07-06T03:05:56","slug":"about-us","status":"publish","type":"page","link":"http:\/\/nrgphoto.mx\/horus\/about-us\/","title":{"rendered":"Nosotros"},"content":{"rendered":"<div class='grid-row clearfix'><div class='grid-col grid-col-4'><section class='cws-widget'><div class='widget-title'>Horus Cl\u00ednica<\/div><section class='cws_widget_content'>\n<p><strong>Horus cl\u00ednica <\/strong>es una cl\u00ednica con personal especializado en cada uno de sus ramos que busca brindarle a sus pacientes confianza, atenci\u00f3n m\u00e9dica especializada de calidad y con alto sentido humano a un precio accesible, en diagnostico y tratamiento.<\/p>\n<\/section><\/section><section class='cws-widget'><div class='widget-title'>Misi\u00f3n<\/div><section class='cws_widget_content'>\n<p>Brindar atenci\u00f3n m\u00e9dica especializada con alto sentido humano y \u00e9tico, aplicando nuestros conocimientos y habilidades en un nivel de excelencia para beneficio de los pacientes que lo soliciten.<\/p>\n<\/section><\/section><section class='cws-widget'><div class='widget-title'>Visi\u00f3n<\/div><section class='cws_widget_content'>\n<p>Ser una cl\u00ednica l\u00edder, con la mejor infraestructura, tecnolog\u00eda de punta y recursos humanos de excelencia que garanticen la mejor atenci\u00f3n a los pacientes, con altos est\u00e1ndares de calidad, contribuyendo asi al sano crecimiento de la instituci\u00f3n, de nuestras familias y de nuestro pa\u00eds.<\/p>\n<\/section><\/section><section class='cws-widget'><div class='widget-title'>Valores<\/div><section class='cws_widget_content'>\n<p><strong>Calidad:<\/strong>\u00a0Superar las expectativas de atenci\u00f3n del cliente.<\/p>\n<p><strong>Honestidad:<\/strong>\u00a0Veracidad en tratamiento y diagnostico del paciente.<\/p>\n<p><strong>Confiabilidad:<\/strong>\u00a0Realizar las actividades \u00e9ticamente deacuerdo a las normas oficiales de atenci\u00f3n medica..<\/p>\n<\/section><\/section><\/div><div class='grid-col grid-col-8'><section class='cws-widget'><section class='cws_widget_content'>\n<p><iframe loading=\"lazy\" title=\"Horus Cl\u00ednica\" width=\"896\" height=\"504\" src=\"https:\/\/www.youtube.com\/embed\/mvnvD-nN5qY?feature=oembed\" frameborder=\"0\" allow=\"accelerometer; autoplay; encrypted-media; gyroscope; picture-in-picture\" allowfullscreen><\/iframe><\/p>\n<\/section><\/section><\/div><\/div>\n","protected":false},"excerpt":{"rendered":"","protected":false},"author":2,"featured_media":0,"parent":0,"menu_order":0,"comment_status":"open","ping_status":"open","template":"","meta":[],"_links":{"self":[{"href":"http:\/\/nrgphoto.mx\/horus\/wp-json\/wp\/v2\/pages\/930"}],"collection":[{"href":"http:\/\/nrgphoto.mx\/horus\/wp-json\/wp\/v2\/pages"}],"about":[{"href":"http:\/\/nrgphoto.mx\/horus\/wp-json\/wp\/v2\/types\/page"}],"author":[{"embeddable":true,"href":"http:\/\/nrgphoto.mx\/horus\/wp-json\/wp\/v2\/users\/2"}],"replies":[{"embeddable":true,"href":"http:\/\/nrgphoto.mx\/horus\/wp-json\/wp\/v2\/comments?post=930"}],"version-history":[{"count":9,"href":"http:\/\/nrgphoto.mx\/horus\/wp-json\/wp\/v2\/pages\/930\/revisions"}],"predecessor-version":[{"id":3076,"href":"http:\/\/nrgphoto.mx\/horus\/wp-json\/wp\/v2\/pages\/930\/revisions\/3076"}],"wp:attachment":[{"href":"http:\/\/nrgphoto.mx\/horus\/wp-json\/wp\/v2\/media?parent=930"}],"curies":[{"name":"wp","href":"https:\/\/api.w.org\/{rel}","templated":true}]}}